{"id":4884,"date":"2025-11-04T12:30:02","date_gmt":"2025-11-04T11:30:02","guid":{"rendered":"https:\/\/happydayboat.hu\/?post_type=product&#038;p=4884"},"modified":"2026-04-22T10:46:20","modified_gmt":"2026-04-22T09:46:20","slug":"ajandekutalvany","status":"publish","type":"product","link":"https:\/\/happydayboat.hu\/en\/product\/ajandekutalvany","title":{"rendered":"1 \u00c9S 2 \u00d3R\u00c1S HAJ\u00d3S VOUCHER SZ\u00dcL\u0150KNEK, BAR\u00c1TOKNAK,P\u00c1ROKNAK"},"content":{"rendered":"<h2 style=\"padding-left: 40px; text-align: center;\"><strong>1 \u00e9s 2 \u00f3r\u00e1s priv\u00e1t haj\u00f3z\u00e1s\u00a0<\/strong><strong> kapit\u00e1nnyal a R\u00e1ckevei-Duna\u00e1gban<\/strong><\/h2>\n<p>&nbsp;<\/p>\n<div style=\"width: 1080px;\" class=\"wp-video\"><video class=\"wp-video-shortcode\" id=\"video-4884-1\" width=\"1080\" height=\"1136\" preload=\"metadata\" controls=\"controls\"><source type=\"video\/mp4\" src=\"https:\/\/happydayboat.hu\/wp-content\/uploads\/2025\/12\/2025-12-02-211337006.mp4?_=1\" \/><a href=\"https:\/\/happydayboat.hu\/wp-content\/uploads\/2025\/12\/2025-12-02-211337006.mp4\">https:\/\/happydayboat.hu\/wp-content\/uploads\/2025\/12\/2025-12-02-211337006.mp4<\/a><\/video><\/div>\n<h4><\/h4>\n<h4>Aj\u00e1nd\u00e9kozz most \u00e9s szerezz m\u00e9gegyszer \u00f6r\u00f6m\u00f6t, amikor bev\u00e1ltj\u00e1tok.<\/h4>\n<h4 style=\"padding-left: 80px;\"><span style=\"color: #000000;\"><strong>Egy <\/strong><strong>eml\u00e9kezetes nap<\/strong><\/span>\u00a0a R\u00e1ckevei-Dun\u00e1n az &#8222;\u00c9jf\u00e9li \u00c1rny\u00e9k&#8221; fed\u00e9lzet\u00e9n<\/h4>\n<h4>A Dun\u00e1n.Biztons\u00e1gban.Pezsg\u0151vel.<\/h4>\n<h4>\u2705\ufe0f nem mindennapi \u00e9lm\u00e9ny a csod\u00e1latos R\u00e1ckevei-Duna k\u00f6rnyezet\u00e9ben<\/h4>\n<h4>\u2705\ufe0f kedves \u00e9s val\u00f3ban tapasztalt haj\u00f3vezet\u0151,aki pezsg\u0151t is k\u00edn\u00e1l az \u00fat alatt<\/h4>\n<p><img decoding=\"async\" class=\"aligncenter wp-image-5089 size-thumbnail\" src=\"https:\/\/happydayboat.hu\/wp-content\/uploads\/2025\/11\/DSC_0631-k-150x150.webp\" alt=\"\" width=\"150\" height=\"150\" srcset=\"https:\/\/happydayboat.hu\/wp-content\/uploads\/2025\/11\/DSC_0631-k-150x150.webp 150w, https:\/\/happydayboat.hu\/wp-content\/uploads\/2025\/11\/DSC_0631-k-100x100.webp 100w\" sizes=\"(max-width: 150px) 100vw, 150px\" \/><\/p>\n<h4><\/h4>\n<h4>\u2705\ufe0f k\u00fcl\u00f6nleges aj\u00e1nd\u00e9k a szerelmednek, bar\u00e1taidnak a\u00a0 csal\u00e1dodnak. M\u00e9g a haj\u00f3 elej\u00e9re is kifek\u00fcdhettek.<\/h4>\n<p><img fetchpriority=\"high\" decoding=\"async\" class=\"aligncenter size-medium wp-image-5170\" src=\"https:\/\/happydayboat.hu\/wp-content\/uploads\/2025\/11\/Messenger_creation_4DAE326D-A0BE-4A27-A4EA-C09E301856C7-1-300x211.webp\" alt=\"\" width=\"300\" height=\"211\" srcset=\"https:\/\/happydayboat.hu\/wp-content\/uploads\/2025\/11\/Messenger_creation_4DAE326D-A0BE-4A27-A4EA-C09E301856C7-1-300x211.webp 300w, https:\/\/happydayboat.hu\/wp-content\/uploads\/2025\/11\/Messenger_creation_4DAE326D-A0BE-4A27-A4EA-C09E301856C7-1-1024x719.webp 1024w, https:\/\/happydayboat.hu\/wp-content\/uploads\/2025\/11\/Messenger_creation_4DAE326D-A0BE-4A27-A4EA-C09E301856C7-1-768x539.webp 768w, https:\/\/happydayboat.hu\/wp-content\/uploads\/2025\/11\/Messenger_creation_4DAE326D-A0BE-4A27-A4EA-C09E301856C7-1-18x12.webp 18w, https:\/\/happydayboat.hu\/wp-content\/uploads\/2025\/11\/Messenger_creation_4DAE326D-A0BE-4A27-A4EA-C09E301856C7-1-600x421.webp 600w, https:\/\/happydayboat.hu\/wp-content\/uploads\/2025\/11\/Messenger_creation_4DAE326D-A0BE-4A27-A4EA-C09E301856C7-1.webp 1206w\" sizes=\"(max-width: 300px) 100vw, 300px\" \/><\/p>\n<h4>Biztons\u00e1gos \u00e9s k\u00e9nyelmes:\u00a0 k\u00e9nyelmes \u00fcl\u00e9sek, italok \u00e9s egy felejthetetlen kaland v\u00e1r ezen a programon.<\/h4>\n<p><img decoding=\"async\" class=\"aligncenter size-medium wp-image-4982\" src=\"https:\/\/happydayboat.hu\/wp-content\/uploads\/2024\/12\/20250601_125027-300x273.webp\" alt=\"\" width=\"300\" height=\"273\" srcset=\"https:\/\/happydayboat.hu\/wp-content\/uploads\/2024\/12\/20250601_125027-300x273.webp 300w, https:\/\/happydayboat.hu\/wp-content\/uploads\/2024\/12\/20250601_125027-1024x932.webp 1024w, https:\/\/happydayboat.hu\/wp-content\/uploads\/2024\/12\/20250601_125027-768x699.webp 768w, https:\/\/happydayboat.hu\/wp-content\/uploads\/2024\/12\/20250601_125027-1536x1397.webp 1536w, https:\/\/happydayboat.hu\/wp-content\/uploads\/2024\/12\/20250601_125027-2048x1863.webp 2048w, https:\/\/happydayboat.hu\/wp-content\/uploads\/2024\/12\/20250601_125027-13x12.webp 13w, https:\/\/happydayboat.hu\/wp-content\/uploads\/2024\/12\/20250601_125027-600x546.webp 600w\" sizes=\"(max-width: 300px) 100vw, 300px\" \/><\/p>\n<h4>HA MOST V\u00c1S\u00c1ROLSZ AJ\u00c1NK\u00c9KUTALV\u00c1NYT, A SZERETTEID KAPNI FOGNAK <strong><span style=\"color: #0000ff;\">M\u00c9G EGY \u00dcVEG PEZSG\u0150T<\/span> <\/strong>IS!<\/h4>\n<h4>Tedd k\u00fcl\u00f6nlegess\u00e9!<\/h4>\n<h4><span style=\"color: #ff0000;\"><strong>#Tedd meg\u00a0 <span style=\"color: #000000;\">AZ ELS\u0150 L\u00c9P\u00c9ST:<\/span><\/strong><\/span><\/h4>\n<h4><strong>Ennyire egyszer\u0171en aj\u00e1nd\u00e9kozhatsz dunai haj\u00f3st\u00far\u00e1t:\u00a0<\/strong><\/h4>\n<h4><strong>\u00a0<span style=\"color: #0000ff;\"># <\/span>A f\u0151 oldalon az \u00e9lm\u00e9nyk\u00e1rtya <span style=\"color: #ff0000;\">kiv\u00e1laszt\u00e1sa<\/span><\/strong><\/h4>\n<h4><strong><span style=\"color: #0000ff;\"># biztons\u00e1gos<\/span> bankk\u00e1rty\u00e1s, SZ\u00c9P-k\u00e1rty\u00e1s fizet\u00e9s a Stripe-on kereszt\u00fcl. Vagy utalhatod is.<\/strong><\/h4>\n<h4><strong><span style=\"color: #0000ff;\"># <span style=\"color: #ff0000;\">v\u00e1rj 1 percet,<\/span>\u00a0<span style=\"color: #000000;\">am\u00edg meg\u00e9rkezik az email, majd <\/span><\/span>\u00e9lm\u00e9nyk\u00e1rtya let\u00f6lt\u00e9se<\/strong><\/h4>\n<h4><strong><span style=\"color: #0000ff;\"># nyomtasd ki<span style=\"color: #000000;\"> lehet\u0151leg fot\u00f3pap\u00edrra vagy emailben juttads el neki!<\/span><\/span><\/strong><\/h4>\n<h4>Id\u0151pontot a megaj\u00e1nd\u00e9kozott szem\u00e9ly ak\u00e1r k\u00e9s\u0151bb foglani a 06308604080-as telefonsz\u00e1mon, vagy emailben a fekete.sandor.hajozas@gmail.com c\u00edmen.<\/h4>\n<h4>\u00d3r\u00e1nk\u00e9nt <del>24900\u00a0<\/del> helyett most\u00a0<strong><span style=\"color: #ff0000;\">19.900 ft-\u00e9rt<\/span><\/strong>, ak\u00e1r 5 f\u0151 r\u00e9sz\u00e9re,egy \u00fcveg pezsg\u0151vel!<\/h4>\n<h4>\u2b06\ufe0f\u2b06\ufe0f\u2b06\ufe0f\u2b06\ufe0f\u2b06\ufe0f\u2b06\ufe0f\u2b06\ufe0f\u2b06\ufe0f\u2b06\ufe0f\u2b06\ufe0f\u2b06\ufe0f<\/h4>\n<p style=\"padding-left: 40px;\"><img loading=\"lazy\" decoding=\"async\" class=\"size-medium wp-image-5172 aligncenter\" src=\"https:\/\/happydayboat.hu\/wp-content\/uploads\/2025\/11\/20250527_170808-1-300x181.webp\" alt=\"\" width=\"300\" height=\"181\" srcset=\"https:\/\/happydayboat.hu\/wp-content\/uploads\/2025\/11\/20250527_170808-1-300x181.webp 300w, https:\/\/happydayboat.hu\/wp-content\/uploads\/2025\/11\/20250527_170808-1-1024x617.webp 1024w, https:\/\/happydayboat.hu\/wp-content\/uploads\/2025\/11\/20250527_170808-1-768x463.webp 768w, https:\/\/happydayboat.hu\/wp-content\/uploads\/2025\/11\/20250527_170808-1-1536x926.webp 1536w, https:\/\/happydayboat.hu\/wp-content\/uploads\/2025\/11\/20250527_170808-1-2048x1234.webp 2048w, https:\/\/happydayboat.hu\/wp-content\/uploads\/2025\/11\/20250527_170808-1-18x12.webp 18w, https:\/\/happydayboat.hu\/wp-content\/uploads\/2025\/11\/20250527_170808-1-600x362.webp 600w\" sizes=\"(max-width: 300px) 100vw, 300px\" \/><\/p>","protected":false},"excerpt":{"rendered":"<p>1 \u00e9s 2 \u00f3r\u00e1s priv\u00e1t haj\u00f3z\u00e1s\u00a0 kapit\u00e1nnyal a R\u00e1ckevei-Duna\u00e1gban &nbsp; Aj\u00e1nd\u00e9kozz most \u00e9s szerezz m\u00e9gegyszer \u00f6r\u00f6m\u00f6t, amikor bev\u00e1ltj\u00e1tok. Egy eml\u00e9kezetes nap\u00a0a R\u00e1ckevei-Dun\u00e1n az &#8222;\u00c9jf\u00e9li \u00c1rny\u00e9k&#8221; fed\u00e9lzet\u00e9n A Dun\u00e1n.Biztons\u00e1gban.Pezsg\u0151vel. \u2705\ufe0f nem mindennapi \u00e9lm\u00e9ny a csod\u00e1latos R\u00e1ckevei-Duna k\u00f6rnyezet\u00e9ben \u2705\ufe0f kedves \u00e9s val\u00f3ban tapasztalt haj\u00f3vezet\u0151,aki pezsg\u0151t is k\u00edn\u00e1l az \u00fat alatt \u2705\ufe0f k\u00fcl\u00f6nleges aj\u00e1nd\u00e9k a szerelmednek, bar\u00e1taidnak a\u00a0 &#8230; <a title=\"1 \u00c9S 2 \u00d3R\u00c1S HAJ\u00d3S VOUCHER SZ\u00dcL\u0150KNEK, BAR\u00c1TOKNAK,P\u00c1ROKNAK\" class=\"read-more\" href=\"https:\/\/happydayboat.hu\/en\/product\/ajandekutalvany\" aria-label=\"Read more about 1 \u00c9S 2 \u00d3R\u00c1S HAJ\u00d3S VOUCHER SZ\u00dcL\u0150KNEK, BAR\u00c1TOKNAK,P\u00c1ROKNAK\">Read more<\/a><\/p>","protected":false},"featured_media":1167,"comment_status":"open","ping_status":"closed","template":"","meta":[],"product_brand":[],"product_cat":[31],"product_tag":[],"class_list":{"0":"post-4884","1":"product","2":"type-product","3":"status-publish","4":"has-post-thumbnail","6":"product_cat-egyeb","8":"first","9":"instock","10":"sale","11":"taxable","12":"shipping-taxable","13":"purchasable","14":"product-type-variable","15":"has-default-attributes"},"_links":{"self":[{"href":"https:\/\/happydayboat.hu\/en\/wp-json\/wp\/v2\/product\/4884","targetHints":{"allow":["GET"]}}],"collection":[{"href":"https:\/\/happydayboat.hu\/en\/wp-json\/wp\/v2\/product"}],"about":[{"href":"https:\/\/happydayboat.hu\/en\/wp-json\/wp\/v2\/types\/product"}],"replies":[{"embeddable":true,"href":"https:\/\/happydayboat.hu\/en\/wp-json\/wp\/v2\/comments?post=4884"}],"wp:featuredmedia":[{"embeddable":true,"href":"https:\/\/happydayboat.hu\/en\/wp-json\/wp\/v2\/media\/1167"}],"wp:attachment":[{"href":"https:\/\/happydayboat.hu\/en\/wp-json\/wp\/v2\/media?parent=4884"}],"wp:term":[{"taxonomy":"product_brand","embeddable":true,"href":"https:\/\/happydayboat.hu\/en\/wp-json\/wp\/v2\/product_brand?post=4884"},{"taxonomy":"product_cat","embeddable":true,"href":"https:\/\/happydayboat.hu\/en\/wp-json\/wp\/v2\/product_cat?post=4884"},{"taxonomy":"product_tag","embeddable":true,"href":"https:\/\/happydayboat.hu\/en\/wp-json\/wp\/v2\/product_tag?post=4884"}],"curies":[{"name":"wp","href":"https:\/\/api.w.org\/{rel}","templated":true}]}}