{"id":1785,"date":"2024-12-09T06:22:04","date_gmt":"2024-12-09T05:22:04","guid":{"rendered":"https:\/\/happydayboat.hu\/?post_type=product&#038;p=1785"},"modified":"2025-12-19T10:27:37","modified_gmt":"2025-12-19T09:27:37","slug":"korlatlan-prosecco-hajo","status":"publish","type":"product","link":"https:\/\/happydayboat.hu\/en\/product\/korlatlan-prosecco-hajo","title":{"rendered":"\ud83c\udf32KAR\u00c1CSONYI AKCI\u00d3\u2757\ufe0fKorl\u00e1tlan Prosecco fogyaszt\u00e1s 1 \u00f3r\u00e1s priv\u00e1t haj\u00f3\u00fat a Dun\u00e1n"},"content":{"rendered":"<div class=\"elementor-element elementor-element-5a929e3 elementor-widget elementor-widget-text-editor\" data-id=\"5a929e3\" data-element_type=\"widget\" data-widget_type=\"text-editor.default\">\n<div class=\"elementor-widget-container\">\n<div role=\"presentation\">\n<div>\n<div role=\"none\">\n<div role=\"presentation\">\n<h4 dir=\"auto\" style=\"text-align: left;\"><\/h4>\n<h4 dir=\"auto\"><img fetchpriority=\"high\" decoding=\"async\" class=\"aligncenter size-medium wp-image-3689\" src=\"https:\/\/happydayboat.hu\/wp-content\/uploads\/2025\/03\/Blue-Minimalist-Gift-Voucher-Gift-certificate_20250202_113210_0000-300x213.webp\" alt=\"\" width=\"300\" height=\"213\" srcset=\"https:\/\/happydayboat.hu\/wp-content\/uploads\/2025\/03\/Blue-Minimalist-Gift-Voucher-Gift-certificate_20250202_113210_0000-300x213.webp 300w, https:\/\/happydayboat.hu\/wp-content\/uploads\/2025\/03\/Blue-Minimalist-Gift-Voucher-Gift-certificate_20250202_113210_0000-1024x726.webp 1024w, https:\/\/happydayboat.hu\/wp-content\/uploads\/2025\/03\/Blue-Minimalist-Gift-Voucher-Gift-certificate_20250202_113210_0000-768x545.webp 768w, https:\/\/happydayboat.hu\/wp-content\/uploads\/2025\/03\/Blue-Minimalist-Gift-Voucher-Gift-certificate_20250202_113210_0000-1536x1090.webp 1536w, https:\/\/happydayboat.hu\/wp-content\/uploads\/2025\/03\/Blue-Minimalist-Gift-Voucher-Gift-certificate_20250202_113210_0000-600x426.webp 600w, https:\/\/happydayboat.hu\/wp-content\/uploads\/2025\/03\/Blue-Minimalist-Gift-Voucher-Gift-certificate_20250202_113210_0000.webp 1748w\" sizes=\"(max-width: 300px) 100vw, 300px\" \/><\/h4>\n<h4 dir=\"auto\" style=\"text-align: center;\"><span style=\"color: #000000;\"><strong>\u00a0<span style=\"color: #0000ff;\"># <\/span>El\u0151v\u00e9teli jegy <span style=\"color: #0000ff;\">1 \u00f3r\u00e1s<\/span> priv\u00e1t s\u00e9tahaj\u00f3z\u00e1sra a Kis-Dun\u00e1n, <span style=\"color: #0000ff;\">korl\u00e1tlan<\/span> Prosecco fogyaszt\u00e1ssal, a Happy Day <span style=\"color: #0000ff;\">kishaj\u00f3n<\/span>.<\/strong><\/span><\/h4>\n<h5><\/h5>\n<h5><span style=\"color: #000000;\"><strong>\u2757\ufe0fF\u00fcrd\u00e9si lehet\u0151s\u00e9g kiz\u00e1r\u00f3lag alkohol fogyaszt\u00e1s el\u0151tt lehets\u00e9ges , a saj\u00e1t biztons\u00e1gotok \u00e9rdek\u00e9ben!<\/strong><\/span><\/h5>\n<h5 style=\"text-align: center;\"><span style=\"color: #000000;\"><strong>Kedvezm\u00e9nyes <span style=\"color: #0000ff;\">el\u0151v\u00e9tel<\/span> <span style=\"color: #ff0000;\">december 6-ig<\/span>, id\u0151pont egyeztet\u00e9s <\/strong><\/span><strong style=\"color: #000000; font-family: inherit; font-style: inherit;\">haj\u00f3z\u00e1si id\u0151szakban (\u00e1pr.15 \u00e9s nov.15 k\u00f6z\u00f6tt) a weboldalon az ID\u0150PONT FOGLAL\u00c1S men\u00fcben,<\/strong><\/h5>\n<h5><span style=\"color: #000000;\"><strong>\u00e9s a +36308604080 telefonsz\u00e1mon vagy a<\/strong><\/span><\/h5>\n<h5><span style=\"color: #000000;\"><strong> fekete.sandor.hajozas@gmail.com\u00a0 c\u00edmen.<\/strong><\/span><\/h5>\n<h5><span style=\"color: #000000;\"><strong>Besz\u00e1ll\u00e1si helysz\u00edn: a Kis-Dun\u00e1n a Gubacsi-h\u00edd alatt .A naviba \u00edrd be, hogy Happy Day Boat Budapest.<\/strong><\/span><\/h5>\n<p><img decoding=\"async\" class=\"aligncenter wp-image-4991 size-medium\" src=\"https:\/\/happydayboat.hu\/wp-content\/uploads\/2025\/11\/Messenger_creation_1010D21B-E78A-4CD3-A73D-C23E8F218EB2-300x246.webp\" alt=\"\" width=\"300\" height=\"246\" srcset=\"https:\/\/happydayboat.hu\/wp-content\/uploads\/2025\/11\/Messenger_creation_1010D21B-E78A-4CD3-A73D-C23E8F218EB2-300x246.webp 300w, https:\/\/happydayboat.hu\/wp-content\/uploads\/2025\/11\/Messenger_creation_1010D21B-E78A-4CD3-A73D-C23E8F218EB2-1024x840.webp 1024w, https:\/\/happydayboat.hu\/wp-content\/uploads\/2025\/11\/Messenger_creation_1010D21B-E78A-4CD3-A73D-C23E8F218EB2-768x630.webp 768w, https:\/\/happydayboat.hu\/wp-content\/uploads\/2025\/11\/Messenger_creation_1010D21B-E78A-4CD3-A73D-C23E8F218EB2-15x12.webp 15w, https:\/\/happydayboat.hu\/wp-content\/uploads\/2025\/11\/Messenger_creation_1010D21B-E78A-4CD3-A73D-C23E8F218EB2-600x492.webp 600w, https:\/\/happydayboat.hu\/wp-content\/uploads\/2025\/11\/Messenger_creation_1010D21B-E78A-4CD3-A73D-C23E8F218EB2.webp 1536w\" sizes=\"(max-width: 300px) 100vw, 300px\" \/><\/p>\n<\/div>\n<\/div>\n<\/div>\n<div role=\"presentation\">\n<p style=\"text-align: center;\" role=\"presentation\"><span style=\"color: #000000;\">A MEGRENDEL\u0150 \u0170RLAP KIT\u00d6LT\u00c9SE\u00a0 UT\u00c1N AZONNAL LET\u00d6LTHET\u0150 AZ \u00c9LM\u00c9NYK\u00c1RTYA,M\u00c1S SZEM\u00c9LYNEK \u00c1TRUH\u00c1ZHAT\u00d3, \u00cdGY <span style=\"color: #ff0000;\">AJ\u00c1ND\u00c9KNAK IS<\/span> T\u00d6K\u00c9LETES!<\/span><\/p>\n<p style=\"text-align: center;\" role=\"presentation\"><strong>\u2705\ufe0f Az \u00e1rak szem\u00e9lyenk\u00e9nt \u00e9rtend\u0151ek,<\/strong><\/p>\n<p style=\"text-align: center;\" role=\"presentation\"><strong>\u2705\ufe0f egyszerre legfeljebb 5 f\u0151 tud r\u00e9szt venni egy kir\u00e1ndul\u00e1son.<\/strong><\/p>\n<p style=\"text-align: center;\" role=\"presentation\"><strong>\u2705\ufe0f Id\u0151tartam: 60 perc,<\/strong><\/p>\n<p style=\"text-align: center;\" role=\"presentation\"><strong>\u2705\ufe0f korl\u00e1tlan pezsg\u0151fogyaszt\u00e1ssal.<\/strong><\/p>\n<p role=\"presentation\">\u2757\ufe0fVedd meg most, haszn\u00e1lj\u00e1tok fel tavaszt\u00f3l!<\/p>\n<\/div>\n<\/div>\n<\/div>\n<\/div>","protected":false},"excerpt":{"rendered":"<p>\u00a0# El\u0151v\u00e9teli jegy 1 \u00f3r\u00e1s priv\u00e1t s\u00e9tahaj\u00f3z\u00e1sra a Kis-Dun\u00e1n, korl\u00e1tlan Prosecco fogyaszt\u00e1ssal, a Happy Day kishaj\u00f3n. \u2757\ufe0fF\u00fcrd\u00e9si lehet\u0151s\u00e9g kiz\u00e1r\u00f3lag alkohol fogyaszt\u00e1s el\u0151tt lehets\u00e9ges , a saj\u00e1t biztons\u00e1gotok \u00e9rdek\u00e9ben! Kedvezm\u00e9nyes el\u0151v\u00e9tel december 6-ig, id\u0151pont egyeztet\u00e9s haj\u00f3z\u00e1si id\u0151szakban (\u00e1pr.15 \u00e9s nov.15 k\u00f6z\u00f6tt) a weboldalon az ID\u0150PONT FOGLAL\u00c1S men\u00fcben, \u00e9s a +36308604080 telefonsz\u00e1mon vagy a fekete.sandor.hajozas@gmail.com\u00a0 c\u00edmen. Besz\u00e1ll\u00e1si &#8230; <a title=\"\ud83c\udf32KAR\u00c1CSONYI AKCI\u00d3\u2757\ufe0fKorl\u00e1tlan Prosecco fogyaszt\u00e1s 1 \u00f3r\u00e1s priv\u00e1t haj\u00f3\u00fat a Dun\u00e1n\" class=\"read-more\" href=\"https:\/\/happydayboat.hu\/en\/product\/korlatlan-prosecco-hajo\" aria-label=\"Read more about \ud83c\udf32KAR\u00c1CSONYI AKCI\u00d3\u2757\ufe0fKorl\u00e1tlan Prosecco fogyaszt\u00e1s 1 \u00f3r\u00e1s priv\u00e1t haj\u00f3\u00fat a Dun\u00e1n\">Read more<\/a><\/p>","protected":false},"featured_media":4887,"comment_status":"open","ping_status":"closed","template":"","meta":[],"product_brand":[],"product_cat":[31],"product_tag":[],"class_list":{"0":"post-1785","1":"product","2":"type-product","3":"status-publish","4":"has-post-thumbnail","6":"product_cat-egyeb","8":"first","9":"instock","10":"sale","11":"taxable","12":"shipping-taxable","13":"purchasable","14":"product-type-variable"},"_links":{"self":[{"href":"https:\/\/happydayboat.hu\/en\/wp-json\/wp\/v2\/product\/1785","targetHints":{"allow":["GET"]}}],"collection":[{"href":"https:\/\/happydayboat.hu\/en\/wp-json\/wp\/v2\/product"}],"about":[{"href":"https:\/\/happydayboat.hu\/en\/wp-json\/wp\/v2\/types\/product"}],"replies":[{"embeddable":true,"href":"https:\/\/happydayboat.hu\/en\/wp-json\/wp\/v2\/comments?post=1785"}],"wp:featuredmedia":[{"embeddable":true,"href":"https:\/\/happydayboat.hu\/en\/wp-json\/wp\/v2\/media\/4887"}],"wp:attachment":[{"href":"https:\/\/happydayboat.hu\/en\/wp-json\/wp\/v2\/media?parent=1785"}],"wp:term":[{"taxonomy":"product_brand","embeddable":true,"href":"https:\/\/happydayboat.hu\/en\/wp-json\/wp\/v2\/product_brand?post=1785"},{"taxonomy":"product_cat","embeddable":true,"href":"https:\/\/happydayboat.hu\/en\/wp-json\/wp\/v2\/product_cat?post=1785"},{"taxonomy":"product_tag","embeddable":true,"href":"https:\/\/happydayboat.hu\/en\/wp-json\/wp\/v2\/product_tag?post=1785"}],"curies":[{"name":"wp","href":"https:\/\/api.w.org\/{rel}","templated":true}]}}